{"id":299,"date":"2020-12-27T09:29:32","date_gmt":"2020-12-27T09:29:32","guid":{"rendered":"http:\/\/web6459.pro3.web4a.de\/wordpress\/?page_id=299"},"modified":"2025-01-02T11:51:19","modified_gmt":"2025-01-02T11:51:19","slug":"agb","status":"publish","type":"page","link":"https:\/\/schu-finanzmanagement.de\/index.php\/agb\/","title":{"rendered":"AGB"},"content":{"rendered":"\t\t<div data-elementor-type=\"wp-page\" data-elementor-id=\"299\" class=\"elementor elementor-299\">\n\t\t\t\t\t\t<section class=\"elementor-section elementor-top-section elementor-element elementor-element-7b86b110 elementor-section-boxed elementor-section-height-default elementor-section-height-default\" data-id=\"7b86b110\" data-element_type=\"section\" data-e-type=\"section\">\n\t\t\t\t\t\t<div class=\"elementor-container elementor-column-gap-default\">\n\t\t\t\t\t<div class=\"elementor-column elementor-col-100 elementor-top-column elementor-element elementor-element-6f49cc73\" data-id=\"6f49cc73\" data-element_type=\"column\" data-e-type=\"column\">\n\t\t\t<div class=\"elementor-widget-wrap elementor-element-populated\">\n\t\t\t\t\t\t<div class=\"elementor-element elementor-element-55ed03e1 elementor-widget elementor-widget-text-editor\" data-id=\"55ed03e1\" data-element_type=\"widget\" data-e-type=\"widget\" data-widget_type=\"text-editor.default\">\n\t\t\t\t<div class=\"elementor-widget-container\">\n\t\t\t\t\t\t\t\t\t\n<h2>Allgemeine Gesch\u00e4ftsbedingungen<\/h2>\n\n<h3>1. Allgemeines\/ Geltungsbereich<\/h3>\n<p>Die nachstehenden Allgemeinen Gesch\u00e4ftsbedingungen gelten f\u00fcr s\u00e4mtliche zwischen der Schu Finanz-Management e.K., Bergstr. 15, 66557 Illingen, nachfolgend\u201eKreditvermittler\u201c genannt und den Kreditsuchenden\/Kreditkunden sowie f\u00fcr jegliche Nutzung der vom Kreditvermittler zur Verf\u00fcgung gestellten Leistungen, Berechnungen, Tarife, Konditionen und sonstigen Daten. Durch die Nutzung des\/der Angebote\/Leistungen gelten diese Bedingungen als verbindlich vereinbart soweit nicht etwas anderes ausdr\u00fccklich schriftlich vereinbart oder gesetzlich vorgeschrieben ist. Entgegenstehende oder von diesen Allgemeinen Gesch\u00e4ftsbedingungen abweichende Bedingungen gelten nicht.<\/p>\n<h3>2. Leistungen<\/h3>\n<p>Der Kreditvermittler stellt Endverbrauchern unentgeltlich unverbindliche Tarif-und Konditionsausk\u00fcnfte von Banken oder sonstigen Finanzierungsinstituten zur Verf\u00fcgung. Dem Interessenten wird auf Grund seiner Anfrage ein \u00dcberblick \u00fcber die verschiedenen Darlehens-und Kreditprodukte durch \u00dcbermittlung von Vergleichsangeboten verschafft. Aufgrund seiner Anfrage erh\u00e4lt der Interessent vom Kreditvermittlerein freibleibendes Angebot, sofern eine,der mit Kreditvermittlerkooperierenden,Banken f\u00fcr die Anfrage des Interessenten in Frage kommt. Die Auswahl der \u00fcber das Angebot vom Kreditvermittlererreichbaren Banken, der von diesenangebotenen Darlehensproduktensowie der Methoden zur Ermittlung der in Frage kommenden Anbieter obliegt alleine dem Kreditvermittler. Die konkreten Angebote der Banken k\u00f6nnen im Einzelfall auf Grund bestimmter individueller Konstellationen von den einzelnen Tarifen oder Bedingungen, welche vom Kreditvermittlererrechnet und zur Verf\u00fcgung gestellt werden, abweichen. F\u00fcr Inhalt und Korrektheit der Angebote sind allein die Anbieter verantwortlich.<\/p>\n<h3>3. Gew\u00e4hrleistung\/Haftung<\/h3>\n<p>Der Kreditvermittler ist um Vollst\u00e4ndigkeit, Richtigkeit und st\u00e4ndige Aktualisierung des zugrunde liegenden Datenmaterials bem\u00fcht, aber nicht zu diesemverpflichtet. Die Daten, Informationen und Dokumente stammen ausschlie\u00dflich von den Finanzierungspartnerndes Kreditvermittlers selbst, die vom Kreditvermittler,ohne Gew\u00e4hr f\u00fcr deren Inhalt und den darauf resultierenden Ausk\u00fcnften und Berechnungen,bereitgestellt werden. Der Kreditvermittler\u00fcbernimmt ferner keine Gew\u00e4hr f\u00fcr die Richtigkeit und Vollst\u00e4ndigkeit des Datenmaterials, insbesondere nicht daf\u00fcr, dass s\u00e4mtliche am Markt befindlichen Finanzdienstleistungsanbieter in die Vergleichsrechnung einbezogen werden. Die aufgrund der Interessentenanfrage ermittelten Daten werden direkt und m\u00f6glichst umgehend an die jeweils ausgew\u00e4hlten Finanzierungspartner weitergeleitet. Der Kreditvermittler kann jedoch keine Gew\u00e4hr f\u00fcr die richtige, vollst\u00e4ndige und zeitnahe \u00dcbermittlung der Daten und auch nicht f\u00fcr dieZuleitung von Angeboten der Finanzierungspartner an den Interessenten \u00fcbernehmen. Die Nutzung der angebotenen Dienste durch den Interessenten\/Kunden geschieht in jedem Fall auf eigenes Risiko. Eine Haftung durch den Kreditvermittler ist ausgeschlossen, soweit der Kreditvermittler oder einer ihrer gesetzlichen Vertreteroder Erf\u00fcllungsgehilfen nicht Vorsatz oder grobe Fahrl\u00e4ssigkeit zu vertreten haben. Insoweit bleiben die Rechte des Interessenten\/Kunden unber\u00fchrt.<\/p>\n<h3>4. Vertragspartner<\/h3>\n<p>Der Kreditvermittler tritt lediglich als Vermittler auf. Ein m\u00f6glicher Vertrag kommt ausschlie\u00dflich direkt zwischen dem Interessenten und der jeweiligen Bank zustande. Die Annahme bzw. das Zustandekommen eines konkreten Vertrages mit einem Anbieter kann vom Kreditvermittlernicht garantiert oder beeinflusst werden. Hier\u00fcber entscheidet im Einzelfall allein die jeweilige Bank. Das Absenden der Finanzierungsanfrage ist unverbindlich. Es entstehen dadurch keine Kosten oder Verpflichtungen f\u00fcr den Interessenten.<\/p>\n<h3>5. Haftung f\u00fcr redaktionelle Beitr\u00e4ge<\/h3>\n<p>Alle auf diesen Webseiten enthaltenen Angaben und Informationen beruhen auf \u00f6ffentlich zug\u00e4nglichen Quellen, die der Kreditvermittlerf\u00fcr zuverl\u00e4ssig h\u00e4lt. Bei allen Texten, Daten, Diagrammen, Prognosen, Meinungen, Programmen oder sonstigen Informationen bleiben Irrt\u00fcmer vorbehalten. Eine Garantie f\u00fcr die Richtigkeit oder Vollst\u00e4ndigkeit der Angaben k\u00f6nnen wir nicht \u00fcbernehmen. Keine Information ist als eine Garantieaussage zu verstehen. Die Ver\u00f6ffentlichungen stellenkeine Beratung dar. Vom Kreditvermittlerist mit der Internetdokumentation eine Rechts-oder Steuerberatung nicht beabsichtigt. Auch f\u00fcr die Verwendung dieser Publikation oder deren Inhalt \u00fcbernehmen wir keine Haftung.<\/p>\n<h3>6. Verlinkung auf Seiten von Schu Finanz-Management e.K.durch Dritte<\/h3>\n<p>Die Web-Seiten vom Kreditvermittlerbzw. Ausz\u00fcge aus diesen k\u00f6nnen ohne Wissen des Kreditvermittlers mittels &#8222;Hyperlinks&#8220; verlinkt werden. Wir \u00fcbernehmen in diesem Zusammenhang keine Haftung f\u00fcr Informationen und Angaben in Web-Seiten Dritter. Bei Zitaten muss als Quelle &#8222;Schu Finanz-Management&#8220; angegeben werden.<\/p>\n<h3>7. Urheberrecht<\/h3>\n<p>Das Anfertigen von Kopien der Webseite sowie der darin enthaltenen Daten und Berechnungen ist -auch auszugsweise -nur mit Erlaubnis der Schu Finanz-Managementgestattet. F\u00fcr jeden Fall der Zuwiderhandlung wird eine Vertragsstrafe von 10.000,-Euro erhoben. Die Geltendmachung weiterer Schadensersatzanspr\u00fcche bleibt hiervon unber\u00fchrt.<\/p>\n<h3>8. Datenschutz<\/h3>\n<p>Erg\u00e4nzend zu diesen AGB verweisen wir auf unsere Datenschutz-hinweisesowie unsere Datenschutzerkl\u00e4rung, die Bestandteileunserer AGB sind.<\/p>\n<h3>9. Ma\u00dfgebliches Recht und Gerichtsstand bei kaufm\u00e4nnischen und \u00f6ffentlich-rechtlichen Kunden<\/h3>\n<p>F\u00fcr die Verbindung zwischen dem Kunden und dem Kreditvermittlergilt deutsches Recht. Ist der Kunde ein Kaufmann und ist die streitige Gesch\u00e4ftsbeziehung dem Betriebe seines Handelsgewerbes zuzurechnen, so kann der Kreditvermittler diesen Kunden an dem f\u00fcr den Kreditvermittler zust\u00e4ndigen Gericht oder bei einem anderen zust\u00e4ndigen Gericht verklagen; dasselbe gilt f\u00fcr eine juristische Person des \u00f6ffentlichen Rechts und f\u00fcr \u00f6ffentlich-rechtliche Sonderverm\u00f6gen. Der Kreditvermittler selbst kann von diesen Kunden nur an dem f\u00fcr den Kreditvermittler zust\u00e4ndigen Gericht verklagt werden. Die Gerichtsstandvereinbarung gilt auch f\u00fcr Kunden, die im Ausland eine vergleichbare gewerbliche T\u00e4tigkeit aus\u00fcben, sowie f\u00fcr ausl\u00e4ndische Institutionen, die mit inl\u00e4ndischen juristischen Personen des \u00f6ffentlichen Rechts oder mit einem inl\u00e4ndischen \u00f6ffentlich-rechtlichen Sonderverm\u00f6gen vergleichbar sind.<\/p>\n<h3>10. Mitwirkungs-und Sorgfaltspflichten des Kunden<\/h3>\n<p>Zur ordnungsgem\u00e4\u00dfen Abwicklung des Gesch\u00e4ftsverkehrs ist es erfor-derlich, dass der Kunde dem Kreditvermittler \u00c4nderungen seines Namens und seiner Anschrift unverz\u00fcglich mitteilt. Diese Mitteilungspflicht besteht auch dann, wenn die Vertretungsmacht in ein \u00f6ffentliches Register (z. B. in das Handelsregister) eingetragen ist und ihr Erl\u00f6schen oder ihre \u00c4nderung in dieses Register eingetragen wird. Dar\u00fcber hinaus k\u00f6nnen sich weiter gehende gesetzliche Mitteilungspflichten, insbesondere aus dem Geldw\u00e4schegesetz, ergeben.<\/p>\n<h3>11. Zustellungsnachweis f\u00fcr unsere schriftlichen Mitteilungen<\/h3>\n<p>Unsere schriftlichen Mitteilungen gelten nach dem gew\u00f6hnlichen Postlauf als zugegangen, wenn sie an die letzte, dem Kreditvermittler bekannte, Anschrift gesandt worden sind. Die Absendung wird vermutet, wenn sich ein Abdruck oder eine abgezeichnete Durchschrift im Besitz des Kreditvermittlers befindet.<\/p>\n<h3>12. Schlussbestimmung<\/h3>\n<p>Sollte eine Klausel dieser Allgemeinen Gesch\u00e4ftsbedingungen nicht rechtswirksam sein, bleiben die \u00fcbrigen Klauseln davon unber\u00fchrt bestehen. Auf die mit dem Kreditvermittlergeschlossenen Vereinbarungen findet ausschlie\u00dflich deutsches Recht Anwendung. <strong>Stand: 28.05.2018<\/strong><\/p>\n\t\t\t\t\t\t\t\t<\/div>\n\t\t\t\t<\/div>\n\t\t\t\t\t<\/div>\n\t\t<\/div>\n\t\t\t\t\t<\/div>\n\t\t<\/section>\n\t\t\t\t<section class=\"elementor-section elementor-top-section elementor-element elementor-element-1ecc6912 elementor-section-height-min-height elementor-section-boxed elementor-section-height-default elementor-section-items-middle\" data-id=\"1ecc6912\" data-element_type=\"section\" data-e-type=\"section\" data-settings=\"{&quot;background_background&quot;:&quot;classic&quot;}\">\n\t\t\t\t\t\t<div class=\"elementor-container elementor-column-gap-default\">\n\t\t\t\t\t<div class=\"elementor-column elementor-col-100 elementor-top-column elementor-element elementor-element-736fa55d\" data-id=\"736fa55d\" data-element_type=\"column\" data-e-type=\"column\" data-settings=\"{&quot;background_background&quot;:&quot;classic&quot;}\">\n\t\t\t<div class=\"elementor-widget-wrap elementor-element-populated\">\n\t\t\t\t\t\t<section class=\"elementor-section elementor-inner-section elementor-element elementor-element-2c38c2e5 elementor-section-boxed elementor-section-height-default elementor-section-height-default\" data-id=\"2c38c2e5\" data-element_type=\"section\" data-e-type=\"section\">\n\t\t\t\t\t\t\t<div class=\"elementor-background-overlay\"><\/div>\n\t\t\t\t\t\t\t<div class=\"elementor-container elementor-column-gap-default\">\n\t\t\t\t\t<div class=\"elementor-column elementor-col-33 elementor-inner-column elementor-element elementor-element-53cabdca\" data-id=\"53cabdca\" data-element_type=\"column\" data-e-type=\"column\">\n\t\t\t<div class=\"elementor-widget-wrap elementor-element-populated\">\n\t\t\t\t\t\t<div class=\"elementor-element elementor-element-40bf930e elementor-widget elementor-widget-heading\" data-id=\"40bf930e\" data-element_type=\"widget\" data-e-type=\"widget\" data-widget_type=\"heading.default\">\n\t\t\t\t<div class=\"elementor-widget-container\">\n\t\t\t\t\t<h2 class=\"elementor-heading-title elementor-size-default\">  Adresse<\/h2>\t\t\t\t<\/div>\n\t\t\t\t<\/div>\n\t\t\t\t<div class=\"elementor-element elementor-element-5e6bcd56 elementor-widget elementor-widget-text-editor\" data-id=\"5e6bcd56\" data-element_type=\"widget\" data-e-type=\"widget\" data-widget_type=\"text-editor.default\">\n\t\t\t\t<div class=\"elementor-widget-container\">\n\t\t\t\t\t\t\t\t\t<p>\u00a0 Schu Finanz-Management e.K.<br \/>\u00a0 Bergstra\u00dfe 15<br \/>\u00a0 66557 Illingen\/H\u00fcttigweiler<\/p>\t\t\t\t\t\t\t\t<\/div>\n\t\t\t\t<\/div>\n\t\t\t\t<div class=\"elementor-element elementor-element-57e3ced5 elementor-widget elementor-widget-image\" data-id=\"57e3ced5\" data-element_type=\"widget\" data-e-type=\"widget\" data-widget_type=\"image.default\">\n\t\t\t\t<div class=\"elementor-widget-container\">\n\t\t\t\t\t\t\t\t\t\t\t\t\t\t\t<img decoding=\"async\" width=\"321\" height=\"79\" src=\"https:\/\/schu-finanzmanagement.de\/wp-content\/uploads\/2021\/01\/Uhrzeit.jpg\" class=\"attachment-large size-large wp-image-2022\" alt=\"\" srcset=\"https:\/\/schu-finanzmanagement.de\/wp-content\/uploads\/2021\/01\/Uhrzeit.jpg 321w, https:\/\/schu-finanzmanagement.de\/wp-content\/uploads\/2021\/01\/Uhrzeit-300x74.jpg 300w\" sizes=\"(max-width: 321px) 100vw, 321px\" \/>\t\t\t\t\t\t\t\t\t\t\t\t\t\t\t<\/div>\n\t\t\t\t<\/div>\n\t\t\t\t\t<\/div>\n\t\t<\/div>\n\t\t\t\t<div class=\"elementor-column elementor-col-33 elementor-inner-column elementor-element elementor-element-5ceda22a\" data-id=\"5ceda22a\" data-element_type=\"column\" data-e-type=\"column\">\n\t\t\t<div class=\"elementor-widget-wrap elementor-element-populated\">\n\t\t\t\t\t\t<div class=\"elementor-element elementor-element-563a8f41 elementor-widget elementor-widget-heading\" data-id=\"563a8f41\" data-element_type=\"widget\" data-e-type=\"widget\" data-widget_type=\"heading.default\">\n\t\t\t\t<div class=\"elementor-widget-container\">\n\t\t\t\t\t<h2 class=\"elementor-heading-title elementor-size-default\">Kontakt<\/h2>\t\t\t\t<\/div>\n\t\t\t\t<\/div>\n\t\t\t\t<div class=\"elementor-element elementor-element-7bd02add elementor-widget elementor-widget-text-editor\" data-id=\"7bd02add\" data-element_type=\"widget\" data-e-type=\"widget\" data-widget_type=\"text-editor.default\">\n\t\t\t\t<div class=\"elementor-widget-container\">\n\t\t\t\t\t\t\t\t\t<p><span style=\"color: #ffffff;\">Tel.:&nbsp;&nbsp; 06825 &#8211; 49 94 215<\/span><\/p>\n\n<p><span style=\"color: #ffffff;\">Mail :&nbsp; <a style=\"color: #ffffff;\" href=\"mailto:info@schu-finanzamanagement.de\">info@schu-finanzmanagement.de<\/a><\/span><\/p>\t\t\t\t\t\t\t\t<\/div>\n\t\t\t\t<\/div>\n\t\t\t\t\t<\/div>\n\t\t<\/div>\n\t\t\t\t<div class=\"elementor-column elementor-col-33 elementor-inner-column elementor-element elementor-element-3f57104\" data-id=\"3f57104\" data-element_type=\"column\" data-e-type=\"column\">\n\t\t\t<div class=\"elementor-widget-wrap elementor-element-populated\">\n\t\t\t\t\t\t<div class=\"elementor-element elementor-element-e4c042d elementor-widget elementor-widget-heading\" data-id=\"e4c042d\" data-element_type=\"widget\" data-e-type=\"widget\" data-widget_type=\"heading.default\">\n\t\t\t\t<div class=\"elementor-widget-container\">\n\t\t\t\t\t<h2 class=\"elementor-heading-title elementor-size-default\">Links<\/h2>\t\t\t\t<\/div>\n\t\t\t\t<\/div>\n\t\t\t\t<div class=\"elementor-element elementor-element-5e8bb30 elementor-widget elementor-widget-text-editor\" data-id=\"5e8bb30\" data-element_type=\"widget\" data-e-type=\"widget\" data-widget_type=\"text-editor.default\">\n\t\t\t\t<div class=\"elementor-widget-container\">\n\t\t\t\t\t\t\t\t\t<p><span style=\"color: #ffffff;\"><a style=\"color: #ffffff;\" href=\"https:\/\/schu-finanzmanagement.de\/index.php\/agb\/\">AGB<\/a><\/span><\/p>\n<p><span style=\"color: #ffffff;\"><a style=\"color: #ffffff;\" href=\"https:\/\/schu-finanzmanagement.de\/index.php\/Datenschutzhinweis\/\">Datenschutzhinweis<\/a><\/span><\/p>\n<p><span style=\"color: #ffffff;\"><a style=\"color: #ffffff;\" href=\"https:\/\/schu-finanzmanagement.de\/index.php\/datenschutzerklaerung\/\">Datenschutzerkl\u00e4rung<\/a><\/span><\/p>\n<p><a href=\"https:\/\/schu-finanzmanagement.de\/index.php\/impressum\/\">Impressum<\/a><\/p>\t\t\t\t\t\t\t\t<\/div>\n\t\t\t\t<\/div>\n\t\t\t\t\t<\/div>\n\t\t<\/div>\n\t\t\t\t\t<\/div>\n\t\t<\/section>\n\t\t\t\t<div class=\"elementor-element elementor-element-7cab0baf elementor-widget elementor-widget-heading\" data-id=\"7cab0baf\" data-element_type=\"widget\" data-e-type=\"widget\" data-widget_type=\"heading.default\">\n\t\t\t\t<div class=\"elementor-widget-container\">\n\t\t\t\t\t<h2 class=\"elementor-heading-title elementor-size-default\">\u00a92025. Schu Finanz-Management e.K.<\/h2>\t\t\t\t<\/div>\n\t\t\t\t<\/div>\n\t\t\t\t\t<\/div>\n\t\t<\/div>\n\t\t\t\t\t<\/div>\n\t\t<\/section>\n\t\t\t\t<\/div>\n\t\t","protected":false},"excerpt":{"rendered":"<p>Allgemeine Gesch\u00e4ftsbedingungen 1. Allgemeines\/ Geltungsbereich Die nachstehenden Allgemeinen Gesch\u00e4ftsbedingungen gelten f\u00fcr s\u00e4mtliche zwischen der Schu Finanz-Management e.K., Bergstr. 15, 66557 Illingen, nachfolgend\u201eKreditvermittler\u201c genannt und den Kreditsuchenden\/Kreditkunden sowie f\u00fcr jegliche Nutzung der vom Kreditvermittler zur Verf\u00fcgung gestellten Leistungen, Berechnungen, Tarife, Konditionen und sonstigen Daten. Durch die Nutzung des\/der Angebote\/Leistungen gelten diese Bedingungen als verbindlich vereinbart soweit [&hellip;]<\/p>\n","protected":false},"author":1,"featured_media":0,"parent":0,"menu_order":0,"comment_status":"closed","ping_status":"closed","template":"","meta":{"footnotes":""},"class_list":["post-299","page","type-page","status-publish","hentry"],"_links":{"self":[{"href":"https:\/\/schu-finanzmanagement.de\/index.php\/wp-json\/wp\/v2\/pages\/299","targetHints":{"allow":["GET"]}}],"collection":[{"href":"https:\/\/schu-finanzmanagement.de\/index.php\/wp-json\/wp\/v2\/pages"}],"about":[{"href":"https:\/\/schu-finanzmanagement.de\/index.php\/wp-json\/wp\/v2\/types\/page"}],"author":[{"embeddable":true,"href":"https:\/\/schu-finanzmanagement.de\/index.php\/wp-json\/wp\/v2\/users\/1"}],"replies":[{"embeddable":true,"href":"https:\/\/schu-finanzmanagement.de\/index.php\/wp-json\/wp\/v2\/comments?post=299"}],"version-history":[{"count":46,"href":"https:\/\/schu-finanzmanagement.de\/index.php\/wp-json\/wp\/v2\/pages\/299\/revisions"}],"predecessor-version":[{"id":2758,"href":"https:\/\/schu-finanzmanagement.de\/index.php\/wp-json\/wp\/v2\/pages\/299\/revisions\/2758"}],"wp:attachment":[{"href":"https:\/\/schu-finanzmanagement.de\/index.php\/wp-json\/wp\/v2\/media?parent=299"}],"curies":[{"name":"wp","href":"https:\/\/api.w.org\/{rel}","templated":true}]}}