{"id":34,"date":"2020-12-21T17:54:04","date_gmt":"2020-12-21T17:54:04","guid":{"rendered":"http:\/\/web6459.pro3.web4a.de\/wordpress\/?page_id=34"},"modified":"2025-07-04T10:49:21","modified_gmt":"2025-07-04T10:49:21","slug":"gewerbefinanzierung","status":"publish","type":"page","link":"https:\/\/schu-finanzmanagement.de\/index.php\/gewerbefinanzierung\/","title":{"rendered":"Gewerbefinanzierung"},"content":{"rendered":"\t\t<div data-elementor-type=\"wp-page\" data-elementor-id=\"34\" class=\"elementor elementor-34\">\n\t\t\t\t\t\t<section class=\"elementor-section elementor-top-section elementor-element elementor-element-4f6b965 elementor-section-boxed elementor-section-height-default elementor-section-height-default\" data-id=\"4f6b965\" data-element_type=\"section\" data-e-type=\"section\">\n\t\t\t\t\t\t<div class=\"elementor-container elementor-column-gap-default\">\n\t\t\t\t\t<div class=\"elementor-column elementor-col-100 elementor-top-column elementor-element elementor-element-58a78b5\" data-id=\"58a78b5\" data-element_type=\"column\" data-e-type=\"column\">\n\t\t\t<div class=\"elementor-widget-wrap elementor-element-populated\">\n\t\t\t\t\t\t<div class=\"elementor-element elementor-element-db88005 elementor-widget elementor-widget-heading\" data-id=\"db88005\" data-element_type=\"widget\" data-e-type=\"widget\" data-widget_type=\"heading.default\">\n\t\t\t\t<div class=\"elementor-widget-container\">\n\t\t\t\t\t<h2 class=\"elementor-heading-title elementor-size-default\">Gewerbefinanzierung<\/h2>\t\t\t\t<\/div>\n\t\t\t\t<\/div>\n\t\t\t\t\t<\/div>\n\t\t<\/div>\n\t\t\t\t\t<\/div>\n\t\t<\/section>\n\t\t\t\t<section class=\"elementor-section elementor-top-section elementor-element elementor-element-c5d7330 elementor-section-boxed elementor-section-height-default elementor-section-height-default\" data-id=\"c5d7330\" data-element_type=\"section\" data-e-type=\"section\">\n\t\t\t\t\t\t<div class=\"elementor-container elementor-column-gap-default\">\n\t\t\t\t\t<div class=\"elementor-column elementor-col-100 elementor-top-column elementor-element elementor-element-c791bf8\" data-id=\"c791bf8\" data-element_type=\"column\" data-e-type=\"column\">\n\t\t\t<div class=\"elementor-widget-wrap elementor-element-populated\">\n\t\t\t\t\t\t<div class=\"elementor-element elementor-element-8be2ee1 elementor-widget-divider--view-line elementor-widget elementor-widget-divider\" data-id=\"8be2ee1\" data-element_type=\"widget\" data-e-type=\"widget\" data-widget_type=\"divider.default\">\n\t\t\t\t<div class=\"elementor-widget-container\">\n\t\t\t\t\t\t\t<div class=\"elementor-divider\">\n\t\t\t<span class=\"elementor-divider-separator\">\n\t\t\t\t\t\t<\/span>\n\t\t<\/div>\n\t\t\t\t\t\t<\/div>\n\t\t\t\t<\/div>\n\t\t\t\t\t<\/div>\n\t\t<\/div>\n\t\t\t\t\t<\/div>\n\t\t<\/section>\n\t\t\t\t<section class=\"elementor-section elementor-top-section elementor-element elementor-element-50bb06f elementor-section-boxed elementor-section-height-default elementor-section-height-default\" data-id=\"50bb06f\" data-element_type=\"section\" data-e-type=\"section\">\n\t\t\t\t\t\t<div class=\"elementor-container elementor-column-gap-default\">\n\t\t\t\t\t<div class=\"elementor-column elementor-col-100 elementor-top-column elementor-element elementor-element-2ca22d5\" data-id=\"2ca22d5\" data-element_type=\"column\" data-e-type=\"column\">\n\t\t\t<div class=\"elementor-widget-wrap elementor-element-populated\">\n\t\t\t\t\t\t<div class=\"elementor-element elementor-element-d2c6ae5 elementor-widget elementor-widget-text-editor\" data-id=\"d2c6ae5\" data-element_type=\"widget\" data-e-type=\"widget\" data-widget_type=\"text-editor.default\">\n\t\t\t\t<div class=\"elementor-widget-container\">\n\t\t\t\t\t\t\t\t\t<h5>Im Gegensatz zu vielen anderen Finanzmaklern bieten wir auch Finanzierungskonzepte f\u00fcr gewerbliche Investitionskredite. Wir erstellen f\u00fcr Sie einen Finanzierungsplan unter Ber\u00fccksichtigung Ihrer Rentablit\u00e4ts- und Liquidit\u00e4tslage.<\/h5><h5>Weiterhin beraten wir Sie \u00fcber M\u00f6glichkeiten zur Verbesserung Ihres eigenen Ratings.<\/h5><h5>Bitte nehmen Sie <a href=\"https:\/\/schu-finanzmanagement.de\/index.php\/kontakt\/\"><strong><span style=\"text-decoration: underline;\">Kontakt<\/span><\/strong><\/a> mit uns auf!<\/h5>\t\t\t\t\t\t\t\t<\/div>\n\t\t\t\t<\/div>\n\t\t\t\t\t<\/div>\n\t\t<\/div>\n\t\t\t\t\t<\/div>\n\t\t<\/section>\n\t\t\t\t<section class=\"elementor-section elementor-top-section elementor-element elementor-element-b97f21a elementor-section-boxed elementor-section-height-default elementor-section-height-default\" data-id=\"b97f21a\" data-element_type=\"section\" data-e-type=\"section\">\n\t\t\t\t\t\t<div class=\"elementor-container elementor-column-gap-default\">\n\t\t\t\t\t<div class=\"elementor-column elementor-col-100 elementor-top-column elementor-element elementor-element-8b7be7e\" data-id=\"8b7be7e\" data-element_type=\"column\" data-e-type=\"column\">\n\t\t\t<div class=\"elementor-widget-wrap elementor-element-populated\">\n\t\t\t\t\t\t<div class=\"elementor-element elementor-element-b5bd6ce elementor-widget elementor-widget-spacer\" data-id=\"b5bd6ce\" data-element_type=\"widget\" data-e-type=\"widget\" data-widget_type=\"spacer.default\">\n\t\t\t\t<div class=\"elementor-widget-container\">\n\t\t\t\t\t\t\t<div class=\"elementor-spacer\">\n\t\t\t<div class=\"elementor-spacer-inner\"><\/div>\n\t\t<\/div>\n\t\t\t\t\t\t<\/div>\n\t\t\t\t<\/div>\n\t\t\t\t\t<\/div>\n\t\t<\/div>\n\t\t\t\t\t<\/div>\n\t\t<\/section>\n\t\t\t\t<section class=\"elementor-section elementor-top-section elementor-element elementor-element-53459970 elementor-section-height-min-height elementor-section-boxed elementor-section-height-default elementor-section-items-middle\" data-id=\"53459970\" data-element_type=\"section\" data-e-type=\"section\" data-settings=\"{&quot;background_background&quot;:&quot;classic&quot;}\">\n\t\t\t\t\t\t<div class=\"elementor-container elementor-column-gap-default\">\n\t\t\t\t\t<div class=\"elementor-column elementor-col-100 elementor-top-column elementor-element elementor-element-46aefac7\" data-id=\"46aefac7\" data-element_type=\"column\" data-e-type=\"column\" data-settings=\"{&quot;background_background&quot;:&quot;classic&quot;}\">\n\t\t\t<div class=\"elementor-widget-wrap elementor-element-populated\">\n\t\t\t\t\t\t<section class=\"elementor-section elementor-inner-section elementor-element elementor-element-5565a2a elementor-section-boxed elementor-section-height-default elementor-section-height-default\" data-id=\"5565a2a\" data-element_type=\"section\" data-e-type=\"section\">\n\t\t\t\t\t\t\t<div class=\"elementor-background-overlay\"><\/div>\n\t\t\t\t\t\t\t<div class=\"elementor-container elementor-column-gap-default\">\n\t\t\t\t\t<div class=\"elementor-column elementor-col-25 elementor-inner-column elementor-element elementor-element-62f44afa\" data-id=\"62f44afa\" data-element_type=\"column\" data-e-type=\"column\">\n\t\t\t<div class=\"elementor-widget-wrap elementor-element-populated\">\n\t\t\t\t\t\t<div class=\"elementor-element elementor-element-55f27129 elementor-widget elementor-widget-heading\" data-id=\"55f27129\" data-element_type=\"widget\" data-e-type=\"widget\" data-widget_type=\"heading.default\">\n\t\t\t\t<div class=\"elementor-widget-container\">\n\t\t\t\t\t<h2 class=\"elementor-heading-title elementor-size-default\">  Adresse<\/h2>\t\t\t\t<\/div>\n\t\t\t\t<\/div>\n\t\t\t\t<div class=\"elementor-element elementor-element-3e2ec49d elementor-widget elementor-widget-text-editor\" data-id=\"3e2ec49d\" data-element_type=\"widget\" data-e-type=\"widget\" data-widget_type=\"text-editor.default\">\n\t\t\t\t<div class=\"elementor-widget-container\">\n\t\t\t\t\t\t\t\t\t<p>\u00a0 Schu Finanz-Management e.K.<br \/>\u00a0 Bergstra\u00dfe 15<br \/>\u00a0 66557 Illingen\/H\u00fcttigweiler<\/p>\t\t\t\t\t\t\t\t<\/div>\n\t\t\t\t<\/div>\n\t\t\t\t<div class=\"elementor-element elementor-element-6b9305f0 elementor-widget elementor-widget-image\" data-id=\"6b9305f0\" data-element_type=\"widget\" data-e-type=\"widget\" data-widget_type=\"image.default\">\n\t\t\t\t<div class=\"elementor-widget-container\">\n\t\t\t\t\t\t\t\t\t\t\t\t\t\t\t<img decoding=\"async\" width=\"321\" height=\"79\" src=\"https:\/\/schu-finanzmanagement.de\/wp-content\/uploads\/2021\/01\/Uhrzeit.jpg\" class=\"attachment-large size-large wp-image-2022\" alt=\"\" srcset=\"https:\/\/schu-finanzmanagement.de\/wp-content\/uploads\/2021\/01\/Uhrzeit.jpg 321w, https:\/\/schu-finanzmanagement.de\/wp-content\/uploads\/2021\/01\/Uhrzeit-300x74.jpg 300w\" sizes=\"(max-width: 321px) 100vw, 321px\" \/>\t\t\t\t\t\t\t\t\t\t\t\t\t\t\t<\/div>\n\t\t\t\t<\/div>\n\t\t\t\t\t<\/div>\n\t\t<\/div>\n\t\t\t\t<div class=\"elementor-column elementor-col-25 elementor-inner-column elementor-element elementor-element-696d52a8\" data-id=\"696d52a8\" data-element_type=\"column\" data-e-type=\"column\">\n\t\t\t<div class=\"elementor-widget-wrap elementor-element-populated\">\n\t\t\t\t\t\t<div class=\"elementor-element elementor-element-2de85555 elementor-widget elementor-widget-heading\" data-id=\"2de85555\" data-element_type=\"widget\" data-e-type=\"widget\" data-widget_type=\"heading.default\">\n\t\t\t\t<div class=\"elementor-widget-container\">\n\t\t\t\t\t<h2 class=\"elementor-heading-title elementor-size-default\">Kontakt<\/h2>\t\t\t\t<\/div>\n\t\t\t\t<\/div>\n\t\t\t\t<div class=\"elementor-element elementor-element-19da87cd elementor-widget elementor-widget-text-editor\" data-id=\"19da87cd\" data-element_type=\"widget\" data-e-type=\"widget\" data-widget_type=\"text-editor.default\">\n\t\t\t\t<div class=\"elementor-widget-container\">\n\t\t\t\t\t\t\t\t\t<p><span style=\"color: #ffffff;\">Tel.:&nbsp;&nbsp; 06825 &#8211; 49 94 215<\/span><\/p>\n<p><span style=\"color: #ffffff;\">Mail :&nbsp; <a style=\"color: #ffffff;\" href=\"mailto:info@schu-finanzmanagement.de\">info@schu-finanzmanagement.de<\/a><\/span><\/p>\t\t\t\t\t\t\t\t<\/div>\n\t\t\t\t<\/div>\n\t\t\t\t\t<\/div>\n\t\t<\/div>\n\t\t\t\t<div class=\"elementor-column elementor-col-25 elementor-inner-column elementor-element elementor-element-68cbc15\" data-id=\"68cbc15\" data-element_type=\"column\" data-e-type=\"column\">\n\t\t\t<div class=\"elementor-widget-wrap elementor-element-populated\">\n\t\t\t\t\t\t<div class=\"elementor-element elementor-element-5b31390 elementor-widget elementor-widget-heading\" data-id=\"5b31390\" data-element_type=\"widget\" data-e-type=\"widget\" data-widget_type=\"heading.default\">\n\t\t\t\t<div class=\"elementor-widget-container\">\n\t\t\t\t\t<h2 class=\"elementor-heading-title elementor-size-default\">Links<\/h2>\t\t\t\t<\/div>\n\t\t\t\t<\/div>\n\t\t\t\t<div class=\"elementor-element elementor-element-2ab2703 elementor-widget elementor-widget-text-editor\" data-id=\"2ab2703\" data-element_type=\"widget\" data-e-type=\"widget\" data-widget_type=\"text-editor.default\">\n\t\t\t\t<div class=\"elementor-widget-container\">\n\t\t\t\t\t\t\t\t\t<p><span style=\"color: #ffffff;\"><a style=\"color: #ffffff;\" href=\"https:\/\/schu-finanzmanagement.de\/index.php\/agb\/\">AGB<\/a><\/span><\/p><p><span style=\"color: #ffffff;\"><a style=\"color: #ffffff;\" href=\"https:\/\/schu-finanzmanagement.de\/index.php\/Datenschutzhinweis\/\">Datenschutzhinweis<\/a><\/span><\/p><p><span style=\"color: #ffffff;\"><a style=\"color: #ffffff;\" href=\"https:\/\/schu-finanzmanagement.de\/index.php\/datenschutzerklaerung\/\">Datenschutzerkl\u00e4rung<\/a><\/span><\/p><p><a href=\"https:\/\/schu-finanzmanagement.de\/index.php\/impressum\/\">Impressum<\/a><\/p>\t\t\t\t\t\t\t\t<\/div>\n\t\t\t\t<\/div>\n\t\t\t\t\t<\/div>\n\t\t<\/div>\n\t\t\t\t<div class=\"elementor-column elementor-col-25 elementor-inner-column elementor-element elementor-element-40f02fc\" data-id=\"40f02fc\" data-element_type=\"column\" data-e-type=\"column\">\n\t\t\t<div class=\"elementor-widget-wrap elementor-element-populated\">\n\t\t\t\t\t\t<div class=\"elementor-element elementor-element-dac6f3a elementor-widget__width-initial elementor-widget elementor-widget-html\" data-id=\"dac6f3a\" data-element_type=\"widget\" data-e-type=\"widget\" data-widget_type=\"html.default\">\n\t\t\t\t<div class=\"elementor-widget-container\">\n\t\t\t\t\t<a href=\"https:\/\/seal.website-check.de\/\/accessibility?token=4c53f806-02b5-4be2-aa2a-70bdda872e44\"> <img decoding=\"async\" src=\"https:\/\/seal.website-check.de\/\/accessibility\/seal?token=4c53f806-02b5-4be2-aa2a-70bdda872e44\" alt=\"Website-Check Barrierefreiheitssiegel - Verlinkt zur Website-Check Siegelseite f\u00fcr diese Webseite\"\/> <\/a>\t\t\t\t<\/div>\n\t\t\t\t<\/div>\n\t\t\t\t\t<\/div>\n\t\t<\/div>\n\t\t\t\t\t<\/div>\n\t\t<\/section>\n\t\t\t\t<div class=\"elementor-element elementor-element-1c406020 elementor-widget elementor-widget-heading\" data-id=\"1c406020\" data-element_type=\"widget\" data-e-type=\"widget\" data-widget_type=\"heading.default\">\n\t\t\t\t<div class=\"elementor-widget-container\">\n\t\t\t\t\t<h2 class=\"elementor-heading-title elementor-size-default\">\u00a92025. Schu Finanz-Management e.K.<\/h2>\t\t\t\t<\/div>\n\t\t\t\t<\/div>\n\t\t\t\t\t<\/div>\n\t\t<\/div>\n\t\t\t\t\t<\/div>\n\t\t<\/section>\n\t\t\t\t<\/div>\n\t\t","protected":false},"excerpt":{"rendered":"<p>Gewerbefinanzierung Im Gegensatz zu vielen anderen Finanzmaklern bieten wir auch Finanzierungskonzepte f\u00fcr gewerbliche Investitionskredite. Wir erstellen f\u00fcr Sie einen Finanzierungsplan unter Ber\u00fccksichtigung Ihrer Rentablit\u00e4ts- und Liquidit\u00e4tslage. Weiterhin beraten wir Sie \u00fcber M\u00f6glichkeiten zur Verbesserung Ihres eigenen Ratings. Bitte nehmen Sie Kontakt mit uns auf! Adresse \u00a0 Schu Finanz-Management e.K.\u00a0 Bergstra\u00dfe 15\u00a0 66557 Illingen\/H\u00fcttigweiler Kontakt Tel.:&nbsp;&nbsp; [&hellip;]<\/p>\n","protected":false},"author":1,"featured_media":0,"parent":0,"menu_order":0,"comment_status":"closed","ping_status":"closed","template":"","meta":{"footnotes":""},"class_list":["post-34","page","type-page","status-publish","hentry"],"_links":{"self":[{"href":"https:\/\/schu-finanzmanagement.de\/index.php\/wp-json\/wp\/v2\/pages\/34","targetHints":{"allow":["GET"]}}],"collection":[{"href":"https:\/\/schu-finanzmanagement.de\/index.php\/wp-json\/wp\/v2\/pages"}],"about":[{"href":"https:\/\/schu-finanzmanagement.de\/index.php\/wp-json\/wp\/v2\/types\/page"}],"author":[{"embeddable":true,"href":"https:\/\/schu-finanzmanagement.de\/index.php\/wp-json\/wp\/v2\/users\/1"}],"replies":[{"embeddable":true,"href":"https:\/\/schu-finanzmanagement.de\/index.php\/wp-json\/wp\/v2\/comments?post=34"}],"version-history":[{"count":113,"href":"https:\/\/schu-finanzmanagement.de\/index.php\/wp-json\/wp\/v2\/pages\/34\/revisions"}],"predecessor-version":[{"id":2805,"href":"https:\/\/schu-finanzmanagement.de\/index.php\/wp-json\/wp\/v2\/pages\/34\/revisions\/2805"}],"wp:attachment":[{"href":"https:\/\/schu-finanzmanagement.de\/index.php\/wp-json\/wp\/v2\/media?parent=34"}],"curies":[{"name":"wp","href":"https:\/\/api.w.org\/{rel}","templated":true}]}}