{"id":636,"date":"2020-12-28T15:41:44","date_gmt":"2020-12-28T15:41:44","guid":{"rendered":"http:\/\/web6459.pro3.web4a.de\/wordpress\/?page_id=636"},"modified":"2025-01-02T11:51:43","modified_gmt":"2025-01-02T11:51:43","slug":"datenschutzhinweis","status":"publish","type":"page","link":"https:\/\/schu-finanzmanagement.de\/index.php\/datenschutzhinweis\/","title":{"rendered":"Datenschutzhinweis"},"content":{"rendered":"<h2>Datenschutzhinweise gem\u00e4\u00df EU-Datenschutz-Grundverordnung<\/h2>\n<p>Wir messen dem Datenschutz gro\u00dfe Bedeutung bei. Die Erhebung und Verarbeitung Ihrer personenbezogenen Daten geschieht unter Beachtung der geltenden datenschutzrechtlichen Vorschriften, insbesondere der Datenschutzgrundverordnung (DSGVO). Um unsere Aufgabe als Vermittler aus\u00fcben zu k\u00f6nnen, verarbeiten wir Ihre personenbezogenen Daten. Hierunter fallen vor allem Angaben, die R\u00fcckschl\u00fcsse auf Ihre Identit\u00e4t erm\u00f6glichen, beispielsweise Ihr Name, Ihre Telefonnummer, Ihre Anschrift oder E-Mail-Adresse. Statistische Daten, die wir beispielsweise bei einem Besuch unserer Website erheben und die nicht mit Ihrer Person in Verbindung gebracht werden k\u00f6nnen, fallen nicht unter den Begriff der personenbezogenen Daten. Mit den nachfolgenden Informationen geben wir Ihnen einen \u00dcberblick \u00fcber die Verarbeitung Ihrer personenbezogenen Daten durch uns und Ihre Rechte aus dem Datenschutzrecht. Welche Daten im Einzelnen verarbeitet und in welcher Weise genutzt werden, richtet sich ma\u00dfgeblich nach den jeweils beantragten bzw. vereinbarten Dienstleistungen.<\/p>\n<h3>1. Wer ist f\u00fcr die Datenverarbeitung verantwortlich und an wen k\u00f6nnen Sie sich wenden?<\/h3>\n<h4><strong>Verantwortliche Stelle ist:<\/strong> <\/h4>\n<p>Schu Finanz-Management e.K. Arno Schu<\/p>\n<p>Bergstra\u00dfe 15<\/p>\n<p>66557 Illingen<\/p>\n<p>Telefon: (068254994215)<\/p>\n<p>Mail:<a href=\"mailto:a.schu@schu-finanzmanagement.de\"> a.schu@schu-finanzmanagement.de <\/a><\/p>\n<h3>2. Welche Quellen und Daten nutzen wir?<\/h3>\n<p>Um die Ihnen gegen\u00fcber \u00fcbernommenen Pflichten im Rahmen unserer Gesch\u00e4ftsbeziehung wahrnehmen zu k\u00f6nnen, erheben und speichern wir auf Grundlage von Art. 6 Abs. 1 lit. b DSGVO und aufgrund Ihrer Einwilligung gem. Art. 6 Abs. 1 lit. a, Art. 9 Abs. 2 lit. a Ihre folgenden Daten: Relevante personenbezogene Daten im Interessentenprozess und bei der Stammdatenerfassung k\u00f6nnen sein: Personenstammdaten wie Name, Adresse, andere Kontaktdaten (Telefonnummer, Faxnummer, E-Mail-Adresse), Geburtsdatum\/-ort, Staatsangeh\u00f6rigkeit, Familienstand, G\u00fcterstand, Gesch\u00e4ftsf\u00e4higkeit, Berufsgruppenschl\u00fcssel (unselbst\u00e4ndig\/selbst\u00e4ndig), Beruf, Arbeitgeber, Besch\u00e4ftigungsverh\u00e4ltnis, Wohnstatus (Miete\/Eigentum), Legitimationsdaten z.B. Ausweisdaten, Steuer-ID, Objekt-, Unternehmens-, Einkommens-, Umsatz- und steuerliche Daten, sonstige pers\u00f6nliche bzw. wirtschaftliche Verh\u00e4ltnisse, wie Bankverbindungsdaten, Daten aus Schufa-Eigenausk\u00fcnften etc.. Vertragsstammdaten wie etwa Antragsdaten (Daten, die mit dem Antrag auf Abschluss eines Vertrages von Ihnen gemacht werden), Vertragsdaten zu einem konkreten Vertrag (wie Vertragsnummer, Finanzierungsvolumen, Laufzeit, Rate, Risiko\/Vertragsver\u00e4nderungen, Kreditsummen und Leistungsdaten, Daten zum Objekt (z.B. Standort und Wert einer Immobilie). Bei Abschluss und Nutzung von uns vermittelter Produkte oder Dienstleistungen k\u00f6nnen zus\u00e4tzlich zu den vorgenannten Daten weitere personenbezogene Daten erhoben, verarbeitet und gespeichert werden. Diese umfassen im Wesentlichen: Bonit\u00e4tsunterlagen (Kopie Personalausweise, Gehaltsabrechnungen, Einnahmen-\/\u00dcberschussrechnungen und Bilanzen, Steuerunterlagen, Angaben\/Nachweise zu Verm\u00f6gen und Verbindlichkeiten, \u00fcbernommene B\u00fcrgschaften, Fremdkontoausz\u00fcge, Ausgaben), Arbeitgeber, Art und Dauer des Besch\u00e4ftigungsverh\u00e4ltnisses, Art und Dauer der Selbst\u00e4ndigkeit, Anzahl, Namen und Geburtsdaten unterhaltsberechtigter Kinder, G\u00fcterstand, bei Nicht-EU-Staatsangeh\u00f6rigen Aufenthalts-\/ Arbeitserlaubnis, Scoring-\/Ratingdaten, Angaben\/Nachweise zum Verwendungszweck, Eigen- und Fremdsicherheiten: Objektunterlagen (z. B. Grundbuchausz\u00fcge, Farblichtbilder, Objektbewertungen), Dokumentationsdaten (z. B. Selbstauskunft, Beratungsprotokolle). Die Daten teilen Sie uns gr\u00f6\u00dftenteils selbst mit. Teilweise erhalten wir Informationen zu Interessenten an unseren Produkten jedoch auch von Kooperationspartnern, mit denen Sie bereits in Kontakt stehen. Desweiteren verarbeiten wir personenbezogene Daten, die wir aus \u00f6ffentlich zug\u00e4nglichen Quellen (z.B. Schuldnerverzeichnisse, Grundb\u00fccher, Handels- und Vereinsregister, Presse, Medien, Internet) zul\u00e4ssigerweise gewonnen haben und verarbeiten d\u00fcrfen.<\/p>\n<h3>3. Wof\u00fcr verarbeiten wir Ihre Daten<\/h3>\n<p>(Zweck der Verarbeitung) und auf welcher Rechtsgrundlage? Wir verarbeiten die oben genannten personenbezogenen Daten im Einklang mit den Bestimmungen der EU- Datenschutz-Grundverordnung (DSGVO) und dem Bundesdatenschutzgesetz (BDSG): a. Zur Erf\u00fcllung von vertraglichen Pflichten (Artikel 6 Abs.1 b DSGVO) Die Verarbeitung personenbezogener Daten erfolgt zur Erbringung von Finanzdienstleistungen und Beratungsleistungen im Rahmen der Durchf\u00fchrung unserer vertraglichen Vereinbarungen mit Kunden bzw. Gesch\u00e4ftspartnern, zur Durchf\u00fchrung vorvertraglicher Ma\u00dfnahmen, die auf Ihre Anfrage hin erfolgen sowie zu statistischen Zwecken. b. Aufgrund Ihrer Einwilligung (Artikel 6 Abs. 1 a DSGVO) Soweit Sie uns bzw. unserem Gesch\u00e4ftspartner eine Einwilligung zur Verarbeitung von personenbezogenen Daten f\u00fcr bestimmte Zwecke (z. B. Weitergabe von Daten an Kreditinstitute) erteilt haben, ist die Rechtm\u00e4\u00dfigkeit dieser Verarbeitung auf Basis Ihrer Einwilligung gegeben. Eine erteilte Einwilligung kann jederzeit widerrufen werden. Dies gilt auch f\u00fcr den Widerruf von Einwilligungserkl\u00e4rungen, die vor der Geltung der EU-Datenschutz-Grundverordnung, also vor dem 25. Mai 2018, erteilt worden sind. Bitte beachten Sie, dass der Widerruf erst f\u00fcr die Zukunft wirkt. Verarbeitungen, die vor dem Widerruf erfolgt sind, sind davon nicht betroffen.<\/p>\n<p>c. Aufgrund gesetzlicher Vorgaben (Artikel 6 Abs.1 c DSGVO) oder im \u00f6ffentlichen Interesse (Artikel 6 Abs. 1 e DSGVO)Zudem unterliegen wir als Finanzierungsvermittler diversen rechtlichen Verpflichtungen, das hei\u00dft gesetzlichen Anforderungen (z. B. Kreditwesengesetz, Geldw\u00e4schegesetz, Steuergesetze) sowie bankaufsichtsrechtlichen Vorgaben (z. B. der Europ\u00e4ischen Zentralbank, der Europ\u00e4ischen Bankenaufsicht, der Deutschen Bundesbank und der Bundesanstalt f\u00fcr Finanzdienstleistungsaufsicht). Zu den Zwecken der Verarbeitung geh\u00f6ren unter anderem die Kreditw\u00fcrdigkeitspr\u00fcfung, die Identit\u00e4ts- und Alterspr\u00fcfung, Betrugs- und Geldw\u00e4schepr\u00e4vention, die Erf\u00fcllung steuerrechtlicher Kontroll- und Meldepflichten sowie die Bewertung und Steuerung von Risiken.<\/p>\n<h3>4. Wer bekommt Ihre Daten?<\/h3>\n<p>Damit wir in der Lage sind, Vermittlungsdienstleistungen in dem Umfang f\u00fcr Sie zu erbringen, in dem Sie uns im Darlehensvermittlungsvertrag damit beauftragt haben, sind wir gem. Art. 6 Abs. 1 lit. b DSGVO berechtigt, Ihre Personen- und Vertragsstammdaten an folgende Empf\u00e4nger weiterzugeben: Innerhalb der Schu Finanz-Management e.K. erhalten diejenigen Stellen Zugriff auf Ihre Daten, die diese zur Erf\u00fcllung unserer vertraglichen und gesetzlichen Pflichten brauchen. Im Hinblick auf die Datenweitergabe an Empf\u00e4nger au\u00dferhalb der Schu Finanz-Management e.K. ist zun\u00e4chst zu beachten, dass wir zur Verschwiegenheit \u00fcber alle kundenbezogenen Tatsachen und Wertungen verpflichtet sind, von denen wir Kenntnis erlangen. Informationen dazu d\u00fcrfen nur weitergeben werden, wenn gesetzliche Bestimmungen dies gebieten, Sie eingewilligt haben und\/oder von mir beauftragte Auftragsverarbeiter gleichgerichtet die Einhaltung des Bankgeheimnisses sowie die Vorgaben der EU-Datenschutz-Grundverordnung\/des Bundesdatenschutzgesetzes garantieren. Unter diesen Voraussetzungen k\u00f6nnen Empf\u00e4nger personenbezogener Daten z.B. sein: *Mitarbeiter unseres Vermittlerbetriebes. Diese sind verpflichtet, das Datengeheimnis zu wahren und zwar auch \u00fcber den Zeitpunkt der Beendigung des Besch\u00e4ftigungsverh\u00e4ltnisses hinaus; *Die Untervermittler und die Kollegenunternehmen sind ebenso wie Mitarbeiter unseres Unternehmens auf das Datengeheimnis verpflichtet; *Produktgeber (Banken, Versicherungen, Bausparkassen): sie erhalten personenbezogene Daten, soweit dies erforderlich ist, um ein Angebot zu erstellen, den Abschluss eines Finanzierungsvertrages zu beantragen oder den Finanzierungsvertrag durchzuf\u00fchren; *Kooperations- und Verbundpartner als externe Dienstleister (insbesondere Maklerpools und technische Dienstleister wie Betreiber von Vergleichsportalen und \/ oder Kundenverwaltungsprogrammen): wir bedienen uns externer Dienstleistungsanbieter, die uns beispielsweise bei der Auswahl des geeigneten Produktes aus dem Marktangebot unterst\u00fctzen; insbesondere nutzen wir mehrere Vermittlungsplattformen f\u00fcr Vermittlungsdienstleistungen, die eine einfache Anbindung an die Kooperations- und Produktpartner erm\u00f6glichen. Soweit Daten auf diese Plattformen \u00fcbermittelt werden, erfolgt die Speicherung unter h\u00f6chsten Sicherheitsstandards und streng vertraulich;<\/p>\n<p>*\u00d6ffentliche Stellen und Institutionen (z. B. Deutsche Bundesbank, Bundesanstalt f\u00fcr Finanzdienstleistungsaufsicht, Europ\u00e4ische Bankenaufsichtsbeh\u00f6rde, Europ\u00e4ische Zentralbank, Finanzbeh\u00f6rden, Bundeszentralamt f\u00fcr Steuern) bei Vorliegen einer gesetzlichen oder beh\u00f6rdlichen Verpflichtung; *Jeweils fallbezogen ausgew\u00e4hlte Kreditgeber und Finanzdienstleistungsinstitute (Banken, Sparkassen, Bausparkassen) sowie der europace AG \u2013 der Marktplatz f\u00fcr Finanzierungsvermittler, an die wir zur Durchf\u00fchrung der Gesch\u00e4ftsbeziehung mit Ihnen personenbezogene Daten \u00fcbermitteln; *Weitere Datenempf\u00e4nger k\u00f6nnen diejenigen Stellen sein, f\u00fcr die Sie Ihre Einwilligung zur Daten\u00fcbermittlung erteilt haben.<\/p>\n<h3>5. Werden Daten in ein Drittland oder an eine internationale Organisation \u00fcbermittelt?<\/h3>\n<p>Eine Datenverarbeitung au\u00dferhalb der EU bzw. des EWR findet nicht statt. Wir werden Ihre personenbezogenen Daten weder an Dritte verkaufen noch anderweitig vermarkten.<\/p>\n<h3>6. Wie lange werden Ihre Daten gespeichert?<\/h3>\n<p>Wir verarbeiten und speichern Ihre personenbezogenen Daten, solange es f\u00fcr die Erf\u00fcllung unserer vertraglichen und gesetzlichen Pflichten erforderlich ist. Sind die Daten f\u00fcr die Erf\u00fcllung vertraglicher oder gesetzlicher Pflichten nicht mehr erforderlich, werden diese regelm\u00e4\u00dfig gel\u00f6scht, es sei denn, ihre \u2013befristete\u2013 Weiterverarbeitung ist zu folgenden Zwecken erforderlich: Erf\u00fcllung handels- und steuerrechtlicher Aufbewahrungsfristen: Zu nennen sind das Handelsgesetzbuch, die Abgabenordnung, das Kreditwesengesetz, das Geldw\u00e4schegesetz. Die dort vorgegebenen Fristen zur Aufbewahrung bzw. Dokumentation betragen zwei bis zehn Jahre. Erhaltung von Beweismitteln im Rahmen der Verj\u00e4hrungsvorschriften. Nach den \u00a7\u00a7 195 ff. des B\u00fcrgerlichen Gesetzbuches (BGB) k\u00f6nnen diese Verj\u00e4hrungsfristen bis zu 30 Jahre betragen, wobei die regelm\u00e4\u00dfige Verj\u00e4hrungsfrist drei Jahre betr\u00e4gt.<\/p>\n<h3>7. Welche Datenschutzrechte haben Sie?<\/h3>\n<p>Jede betroffene Person hat das Recht auf Auskunft nach Artikel 15 DSGVO, das Recht auf Berichtigung nach Artikel 16 DSGVO, das Recht auf L\u00f6schung nach Artikel 17 DSGVO, das Recht auf Einschr\u00e4nkung der Verarbeitung nach Artikel 18 DSGVO, das Recht auf Widerspruch aus Artikel 21 DSGVO sowie das Recht auf Daten\u00fcbertragbarkeit aus Artikel 20 DSGVO. Beim Auskunftsrecht und beim L\u00f6schungsrecht gelten die Einschr\u00e4nkungen nach \u00a7\u00a7 34 und 35 BDSG. Jede betroffene Person hat das Recht auf Beschwerde bei einer Aufsichtsbeh\u00f6rde, wenn sie der Ansicht ist, dass die Verarbeitung der sie betreffenden Daten gegen datenschutzrechtliche Bestimmungen verst\u00f6\u00dft. Das Beschwerderecht kann insbesondere bei einer Aufsichtsbeh\u00f6rde in dem Mitgliedsstaat des Aufenthaltsorts der betroffenen Person oder des Ortes des mutma\u00dflichen Versto\u00dfes geltend gemacht werden. Eine erteilte Einwilligung in die Verarbeitung personenbezogener Daten k\u00f6nnen Sie jederzeit widerrufen. Dies gilt auch f\u00fcr den Widerruf von Einwilligungserkl\u00e4rungen, die vor der Geltung der EU-DSGVO, also vor dem 25. Mai 2018, erteilt worden sind. Bitte beachten Sie, dass der Widerruf erst f\u00fcr die Zukunft wirkt. Verarbeitungen, die vor dem Widerruf erfolgt sind, sind davon nicht betroffen.<\/p>\n<h3>8. Gibt es f\u00fcr Sie eine Pflicht zur Bereitstellung von Daten?<\/h3>\n<p>Im Rahmen unserer Gesch\u00e4ftsbeziehung m\u00fcssen Sie diejenigen personenbezogenen Daten bereitstellen, die f\u00fcr die Aufnahme und Durchf\u00fchrung einer Gesch\u00e4ftsbeziehung und die Erf\u00fcllung der damit verbundenen vertraglichen Pflichten erforderlich sind oder zu deren Erhebung wir gesetzlich verpflichtet sind. Hierzu z\u00e4hlen z.B. geldw\u00e4scherechtliche Vorschriften.<\/p>\n<h3>9. Inwieweit gibt es eine automatisierte Entscheidungsfindung (einschlie\u00dflich Profiling)?<\/h3>\n<p>Zur Begr\u00fcndung und Durchf\u00fchrung der Gesch\u00e4ftsbeziehung nutzen wir grunds\u00e4tzlich keine vollautomatisierte Entscheidungsfindung gem\u00e4\u00df Artikel 22 DSGVO.<\/p>\n<h3>10. Information \u00fcber Ihr Widerspruchsrecht nach Artikel 21 EU-Datenschutz-Grundverordnung (DSGVO)<\/h3>\n<p>Einzelfallbezogenes Widerspruchsrecht Sie haben das Recht, aus Gr\u00fcnden, die sich aus Ihrer besonderen Situation ergeben, jederzeit gegen die Verarbeitung Sie betreffender personenbezogener Daten, die aufgrund von Artikel 6 Abs. 1 e DSGVO (Datenverarbeitung im \u00f6ffentlichen Interesse) und Artikel 6 Abs. 1 f DSGVO (Datenverarbeitung auf der Grundlage einer Interessenabw\u00e4gung) erfolgt, Widerspruch einzulegen; dies gilt auch f\u00fcr ein auf diese Bestimmung gest\u00fctztes Profiling im Sinne von Artikel 4 Abs. 4 DSGVO. Legen Sie Widerspruch ein, werden Ihre personenbezogenen Daten nicht mehr verarbeitet, es sei denn, es liegen nachweisbar zwingende schutzw\u00fcrdige Gr\u00fcnde f\u00fcr die Verarbeitung vor, die Ihre Interessen, Rechte und Freiheiten \u00fcberwiegen, oder die Verarbeitung dient der Geltendmachung, Aus\u00fcbung oder Verteidigung von Rechtsanspr\u00fcchen. M\u00f6chten Sie Ihr Recht auf Widerruf einer Einwilligung geltend machen, k\u00f6nnen Sie sich hierzu jederzeit an einen Mitarbeiter des f\u00fcr die Verarbeitung des Verantwortlichen wenden oder an folgende Adresse senden:<\/p>\n<p><strong>Schu Finanz-Management e.K. <\/strong><\/p>\n<p><strong>Inhaber: Arno Schu <\/strong><\/p>\n<p><strong>Bergstra\u00dfe 15 <\/strong><\/p>\n<p><strong>66557 Illingen <\/strong><\/p>\n<p><strong>E-Mail:<a href=\"mailto:info@schu-finanzmanagement.de\"> info@schu-finanzmanagement.de<\/a> <\/strong><\/p>\n<p><strong>Fax: 06825 &#8211; 4994 218<\/strong><\/p>\n<h2>  Adresse<\/h2>\n<p>\u00a0 Schu Finanz-Management e.K.<br \/>\u00a0 Bergstra\u00dfe 15<br \/>\u00a0 66557 Illingen\/H\u00fcttigweiler<\/p>\n<p>\t\t\t\t\t\t\t\t\t\t\t\t\t<img loading=\"lazy\" decoding=\"async\" width=\"321\" height=\"79\" src=\"https:\/\/schu-finanzmanagement.de\/wp-content\/uploads\/2021\/01\/Uhrzeit.jpg\" alt=\"\" srcset=\"https:\/\/schu-finanzmanagement.de\/wp-content\/uploads\/2021\/01\/Uhrzeit.jpg 321w, https:\/\/schu-finanzmanagement.de\/wp-content\/uploads\/2021\/01\/Uhrzeit-300x74.jpg 300w\" sizes=\"auto, (max-width: 321px) 100vw, 321px\" \/>\t\t\t\t\t\t\t\t\t\t\t\t\t<\/p>\n<h2>Kontakt<\/h2>\n<p>Tel.:&nbsp;&nbsp; 06825 &#8211; 49 94 215<\/p>\n<p>Mail :&nbsp; <a style=\"color: #ffffff;\" href=\"mailto:info@schu-finanzamanagement.de\">info@schu-finanzmanagement.de<\/a><\/p>\n<h2>Links<\/h2>\n<p><a style=\"color: #ffffff;\" href=\"https:\/\/schu-finanzmanagement.de\/index.php\/agb\/\">AGB<\/a><\/p>\n<p><a style=\"color: #ffffff;\" href=\"https:\/\/schu-finanzmanagement.de\/index.php\/Datenschutzhinweis\/\">Datenschutzhinweis<\/a><\/p>\n<p><a style=\"color: #ffffff;\" href=\"https:\/\/schu-finanzmanagement.de\/index.php\/datenschutzerklaerung\/\">Datenschutzerkl\u00e4rung<\/a><\/p>\n<p><a href=\"https:\/\/schu-finanzmanagement.de\/index.php\/impressum\/\">Impressum<\/a><\/p>\n<h2>\u00a92025. Schu Finanz-Management e.K.<\/h2>\n","protected":false},"excerpt":{"rendered":"<p>Datenschutzhinweise gem\u00e4\u00df EU-Datenschutz-Grundverordnung Wir messen dem Datenschutz gro\u00dfe Bedeutung bei. Die Erhebung und Verarbeitung Ihrer personenbezogenen Daten geschieht unter Beachtung der geltenden datenschutzrechtlichen Vorschriften, insbesondere der Datenschutzgrundverordnung (DSGVO). Um unsere Aufgabe als Vermittler aus\u00fcben zu k\u00f6nnen, verarbeiten wir Ihre personenbezogenen Daten. Hierunter fallen vor allem Angaben, die R\u00fcckschl\u00fcsse auf Ihre Identit\u00e4t erm\u00f6glichen, beispielsweise Ihr Name, [&hellip;]<\/p>\n","protected":false},"author":1,"featured_media":0,"parent":0,"menu_order":0,"comment_status":"closed","ping_status":"closed","template":"","meta":{"footnotes":""},"class_list":["post-636","page","type-page","status-publish","hentry"],"_links":{"self":[{"href":"https:\/\/schu-finanzmanagement.de\/index.php\/wp-json\/wp\/v2\/pages\/636","targetHints":{"allow":["GET"]}}],"collection":[{"href":"https:\/\/schu-finanzmanagement.de\/index.php\/wp-json\/wp\/v2\/pages"}],"about":[{"href":"https:\/\/schu-finanzmanagement.de\/index.php\/wp-json\/wp\/v2\/types\/page"}],"author":[{"embeddable":true,"href":"https:\/\/schu-finanzmanagement.de\/index.php\/wp-json\/wp\/v2\/users\/1"}],"replies":[{"embeddable":true,"href":"https:\/\/schu-finanzmanagement.de\/index.php\/wp-json\/wp\/v2\/comments?post=636"}],"version-history":[{"count":72,"href":"https:\/\/schu-finanzmanagement.de\/index.php\/wp-json\/wp\/v2\/pages\/636\/revisions"}],"predecessor-version":[{"id":2761,"href":"https:\/\/schu-finanzmanagement.de\/index.php\/wp-json\/wp\/v2\/pages\/636\/revisions\/2761"}],"wp:attachment":[{"href":"https:\/\/schu-finanzmanagement.de\/index.php\/wp-json\/wp\/v2\/media?parent=636"}],"curies":[{"name":"wp","href":"https:\/\/api.w.org\/{rel}","templated":true}]}}